{"id":406,"date":"2021-04-16T09:50:13","date_gmt":"2021-04-16T09:50:13","guid":{"rendered":"https:\/\/karbontech.pl\/?page_id=406"},"modified":"2023-07-12T19:30:39","modified_gmt":"2023-07-12T19:30:39","slug":"fundusze-europejskie","status":"publish","type":"page","link":"https:\/\/karbontech.pl\/?page_id=406","title":{"rendered":"fundusze-europejskie"},"content":{"rendered":"<div class=\"wp-block-image\">\n<figure class=\"aligncenter size-large\"><img decoding=\"async\" loading=\"lazy\" width=\"810\" height=\"93\" src=\"https:\/\/karbontech.pl\/wp-content\/uploads\/2021\/04\/batch_znaki-strona-glowna.jpg\" alt=\"\" class=\"wp-image-407\" srcset=\"https:\/\/karbontech.pl\/wp-content\/uploads\/2021\/04\/batch_znaki-strona-glowna.jpg 810w, https:\/\/karbontech.pl\/wp-content\/uploads\/2021\/04\/batch_znaki-strona-glowna-300x34.jpg 300w, https:\/\/karbontech.pl\/wp-content\/uploads\/2021\/04\/batch_znaki-strona-glowna-768x88.jpg 768w, https:\/\/karbontech.pl\/wp-content\/uploads\/2021\/04\/batch_znaki-strona-glowna-120x14.jpg 120w, https:\/\/karbontech.pl\/wp-content\/uploads\/2021\/04\/batch_znaki-strona-glowna-500x57.jpg 500w\" sizes=\"(max-width: 810px) 100vw, 810px\" \/><\/figure><\/div>\n\n\n<p><\/p>\n\n\n\n<p>Dnia 17 grudnia 2019 roku firma KarbonTech Sp. z o.o. otrzyma\u0142a dofinansowanie w ramach<br>projektu pn <strong>\u201eZakup us\u0142ugi polegaj\u0105cej na opracowaniu innowacyjnej technologii produkcji<br>nowego wyrobu dla KarbonTech Sp\u00f3\u0142ka z o.o.\u201d<\/strong> w ramach \u201epoddzia\u0142anie 2.3.2 Bony na innowacje dla<br>M\u015aP\u201d.<br>Celem g\u0142\u00f3wnym projektu jest opracowanie, wdro\u017cenie do produkcji i sprzeda\u017cy nowego<br>produktu, w oparciu o now\u0105 technologie produkcji. Projekt polega\u0107 b\u0119dzie na opracowaniu<br>technologii produkcji nowego produktu &#8211; oprawek okularowych z zawiasem bez\u015brubowym<br>produkowanych w oparciu o materia\u0142y typu stal nierdzewna, ABS, teflon, tytan. Finalnym rezultatem<br>przeprowadzonych w ramach projektu prac badawczo-rozwojowych b\u0119dzie wdro\u017cenie w<\/p>\n\n\n\n<p>przedsi\u0119biorstwie wnioskodawcy nowego produktu, w oparciu o now\u0105 technologi\u0119 produkcji-<br>rozwi\u0105za\u0144 gotowych do wdro\u017cenia w dzia\u0142alno\u015bci przedsi\u0119biorstwa.<\/p>\n\n\n\n<p>Wdra\u017cana innowacja produktowa i procesowa w przedsi\u0119biorstwie Wnioskodawcy pozwoli uzyska\u0107<br>efekty:<\/p>\n\n\n\n<ul>\n<li>wprowadzenie na rynek nowego i konkurencyjnego wzgl\u0119dem obecnie oferowanych produktu,<\/li>\n\n\n\n<li>zwi\u0119kszenie konkurencyjno\u015bci oferty oraz przedsi\u0119biorstwa,<\/li>\n\n\n\n<li>wp\u0142yw na postrzeganie przedsi\u0119biorstwa jako nowoczesnego i innowacyjnego,<\/li>\n\n\n\n<li>pozyskanie nowych rynk\u00f3w zbytu, w tym zagranicznych,<\/li>\n\n\n\n<li>zwi\u0119kszenie przychod\u00f3w.<\/li>\n<\/ul>\n\n\n\n<p>Ca\u0142kowita kwota na realizacj\u0119 projektu wynosi <strong>434 110.05 PLN<\/strong>, w tym kwota dofinansowania z<br>funduszy europejskich: <strong>299 994.75 PLN<\/strong>.<\/p>\n\n\n\n<p><\/p>\n\n\n\n<p><\/p>\n\n\n\n<hr class=\"wp-block-separator has-css-opacity is-style-wide\"\/>\n\n\n\n<p><\/p>\n\n\n\n<p class=\"has-text-align-center\"><strong>Informacja o realizacji projektu<\/strong><\/p>\n\n\n\n<p class=\"has-text-align-center\">W zwi\u0105zku z podpisaniem umowy o dofinansowanie w ramach<br>PROGRAMU OPERACYJNEGO Inteligentny Rozw\u00f3j<br>o\u015b priorytetowa 2 Wsparcie otoczenia i potencja\u0142u przedsi\u0119biorstw do<\/p>\n\n\n\n<p class=\"has-text-align-center\">prowadzenia dzia\u0142alno\u015bci B+R+I<\/p>\n\n\n\n<p class=\"has-text-align-center\">dzia\u0142anie 2.3 Proinnowacyjne us\u0142ugi dla przedsi\u0119biorstw<br>poddzia\u0142anie 2.3.2 Bony na innowacje dla M\u015aP<\/p>\n\n\n\n<p>Etap I us\u0142ugowy \u2013 konkurs og\u00f3lny<br>Informujemy o rozpocz\u0119ciu realizacji projektu Opracowanie dla firmy KarbonTech Sp\u00f3\u0142ka z<br>o.o. nowej technologii tworzenia wyrobu; stworzenie prototyp\u00f3w kr\u0105\u017ck\u00f3w (oczek)<br>wzmacniaj\u0105co dekoracyjnych z w\u0142\u00f3kien w\u0119glowych na potrzeby produkcji opraw okularowych<br>ze stali nierdzewnej.<br>Warto\u015b\u0107 projektu: 484 915.20 z\u0142.<br>Wk\u0142ad Funduszy Europejskich: 335 104.00 z\u0142.<\/p>\n\n\n\n<hr class=\"wp-block-separator has-css-opacity is-style-wide\"\/>\n\n\n\n<p><\/p>\n\n\n\n<p class=\"has-text-align-center\"><strong>Informacja o wyniku post\u0119powania<\/strong><\/p>\n\n\n\n<p class=\"has-text-align-center\">DOTYCZY:<\/p>\n\n\n\n<p class=\"has-text-align-center\">ZAPYTANIE OFERTOWE NR 1\/2020\/KARBONTECH\/ETAP I<br>na zakup od wykonawcy us\u0142ugi polegaj\u0105cej na opracowaniu nowej technologii i nowego<\/p>\n\n\n\n<p class=\"has-text-align-center\">wyrobu:<\/p>\n\n\n\n<p class=\"has-text-align-center\">technologii i prototyp\u00f3w kr\u0105\u017ck\u00f3w (oczek) wzmacniaj\u0105co dekoracyjnych z w\u0142\u00f3kien<br>w\u0119glowych na potrzeby produkcji opraw okularowych ze stali nierdzewnej. Zakup planowany<br>jest w ramach Dzia\u0142ania 2.3 \u201eProinnowacyjne us\u0142ugi dla przedsi\u0119biorstw\u201d<\/p>\n\n\n\n<p class=\"has-text-align-center\">Poddzia\u0142ania 2.3.2 \u201eBony na innowacje dla M\u015aP\u201d<\/p>\n\n\n\n<p>w ramach<\/p>\n\n\n\n<p>II osi priorytetowej: \u201eWsparcie otoczenia i potencja\u0142u przedsi\u0119biorstw do prowadzenia<\/p>\n\n\n\n<p>dzia\u0142alno\u015bci B+R+I\u201d<\/p>\n\n\n\n<p>Programu Operacyjnego Inteligentny Rozw\u00f3j 2014 \u2013 2020<\/p>\n\n\n\n<p>W zwi\u0105zku z przeprowadzonym w dniach 19.12.2020 do 29.12.2020 post\u0119powaniem<\/p>\n\n\n\n<p>ofertowym przekazujemy informacje o wyborze wykonawcy:<br><strong>RC TECH SP Z O O Jasionka 954, 36-002 Jasionka<\/strong><\/p>\n\n\n\n<p><\/p>\n\n\n\n<hr class=\"wp-block-separator has-css-opacity is-style-wide\"\/>\n\n\n\n<p><\/p>\n\n\n\n<p class=\"has-text-align-center\"><strong>Zaproszenie do udzia\u0142u w post\u0119powaniu ofertowym na zakup od wykonawcy us\u0142ugi<\/strong><\/p>\n\n\n\n<p class=\"has-text-align-center\"><strong>polegaj\u0105cej<\/strong><\/p>\n\n\n\n<p class=\"has-text-align-center\"><strong>na opracowaniu nowego wyrobu.<\/strong><\/p>\n\n\n\n<p class=\"has-text-align-center\">Zakup planowany jest w ramach Dzia\u0142ania 2.3 \u201eProinnowacyjne us\u0142ugi dla przedsi\u0119biorstw\u201d<br>Poddzia\u0142ania 2.3.2 \u201eBony na innowacje dla M\u015aP\u201d w ramach II osi priorytetowej: \u201eWsparcie<br>otoczenia i potencja\u0142u przedsi\u0119biorstw do prowadzenia dzia\u0142alno\u015bci B+R+I\u201d Programu<\/p>\n\n\n\n<p class=\"has-text-align-center\">Operacyjnego Inteligentny Rozw\u00f3j 2014 \u2013 2020<\/p>\n\n\n\n<p class=\"has-text-align-center\">W zwi\u0105zku z planowym ubieganiem si\u0119 o dofinansowanie w ramach Poddzia\u0142ania 2.3.2<br>\u201eBony na innowacje dla M\u015aP\u201d zapraszamy do udzia\u0142u z post\u0119powaniu ofertowym.<br>Szczeg\u00f3\u0142owy zakres oraz wzory dokument\u00f3w w z\u0142\u0105cznikach. W przypadku pyta\u0144<br>dotycz\u0105cych przedmiotu i zakresu przedmiotu zam\u00f3wienia prosz\u0119 o kontakt:<\/p>\n\n\n\n<p class=\"has-text-align-center\">Adres mailowy: info@karbontech.pl<br>Telefon: 501 148 428<br>Osoby do kontaktu w godz. 8.00 \u2013 16.00<br>Zbigniew Augustyn \u2013 cz\u0142onek zarz\u0105du<\/p>\n\n\n\n<hr class=\"wp-block-separator has-alpha-channel-opacity\"\/>\n\n\n\n<p><\/p>\n\n\n\n<p class=\"has-text-align-center\"><strong>Zdj\u0119cia wprowadzonego produktu<\/strong><\/p>\n\n\n\n<p>3091<\/p>\n\n\n<div class=\"wp-block-image\">\n<figure class=\"aligncenter size-full is-resized\"><img decoding=\"async\" loading=\"lazy\" src=\"https:\/\/karbontech.pl\/wp-content\/uploads\/2023\/07\/image-4.png\" alt=\"\" class=\"wp-image-423\" width=\"500\" height=\"216\" srcset=\"https:\/\/karbontech.pl\/wp-content\/uploads\/2023\/07\/image-4.png 500w, https:\/\/karbontech.pl\/wp-content\/uploads\/2023\/07\/image-4-300x130.png 300w\" sizes=\"(max-width: 500px) 100vw, 500px\" \/><\/figure><\/div>\n\n<div class=\"wp-block-image\">\n<figure class=\"aligncenter size-full\"><img decoding=\"async\" loading=\"lazy\" width=\"500\" height=\"265\" src=\"https:\/\/karbontech.pl\/wp-content\/uploads\/2023\/07\/image-5.png\" alt=\"\" class=\"wp-image-424\" srcset=\"https:\/\/karbontech.pl\/wp-content\/uploads\/2023\/07\/image-5.png 500w, https:\/\/karbontech.pl\/wp-content\/uploads\/2023\/07\/image-5-300x159.png 300w\" sizes=\"(max-width: 500px) 100vw, 500px\" \/><\/figure><\/div>\n\n\n<p>3090<\/p>\n\n\n<div class=\"wp-block-image\">\n<figure class=\"aligncenter size-full\"><img decoding=\"async\" loading=\"lazy\" width=\"500\" height=\"216\" src=\"https:\/\/karbontech.pl\/wp-content\/uploads\/2023\/07\/image-7.png\" alt=\"\" class=\"wp-image-425\" srcset=\"https:\/\/karbontech.pl\/wp-content\/uploads\/2023\/07\/image-7.png 500w, https:\/\/karbontech.pl\/wp-content\/uploads\/2023\/07\/image-7-300x130.png 300w\" sizes=\"(max-width: 500px) 100vw, 500px\" \/><\/figure><\/div>\n\n<div class=\"wp-block-image\">\n<figure class=\"aligncenter size-full\"><img decoding=\"async\" loading=\"lazy\" width=\"500\" height=\"265\" src=\"https:\/\/karbontech.pl\/wp-content\/uploads\/2023\/07\/image-8.png\" alt=\"\" class=\"wp-image-426\" srcset=\"https:\/\/karbontech.pl\/wp-content\/uploads\/2023\/07\/image-8.png 500w, https:\/\/karbontech.pl\/wp-content\/uploads\/2023\/07\/image-8-300x159.png 300w\" sizes=\"(max-width: 500px) 100vw, 500px\" \/><\/figure><\/div>\n\n\n<p>3092<\/p>\n\n\n<div class=\"wp-block-image\">\n<figure class=\"aligncenter size-full\"><img decoding=\"async\" loading=\"lazy\" width=\"500\" height=\"216\" src=\"https:\/\/karbontech.pl\/wp-content\/uploads\/2023\/07\/image-9.png\" alt=\"\" class=\"wp-image-427\" srcset=\"https:\/\/karbontech.pl\/wp-content\/uploads\/2023\/07\/image-9.png 500w, https:\/\/karbontech.pl\/wp-content\/uploads\/2023\/07\/image-9-300x130.png 300w\" sizes=\"(max-width: 500px) 100vw, 500px\" \/><\/figure><\/div>\n\n<div class=\"wp-block-image\">\n<figure class=\"aligncenter size-full\"><img decoding=\"async\" loading=\"lazy\" width=\"500\" height=\"265\" src=\"https:\/\/karbontech.pl\/wp-content\/uploads\/2023\/07\/image-10.png\" alt=\"\" class=\"wp-image-428\" srcset=\"https:\/\/karbontech.pl\/wp-content\/uploads\/2023\/07\/image-10.png 500w, https:\/\/karbontech.pl\/wp-content\/uploads\/2023\/07\/image-10-300x159.png 300w\" sizes=\"(max-width: 500px) 100vw, 500px\" \/><\/figure><\/div>","protected":false},"excerpt":{"rendered":"<p>Dnia 17 grudnia 2019 roku firma KarbonTech Sp. z o.o. otrzyma\u0142a dofinansowanie w ramachprojektu pn \u201eZakup us\u0142ugi polegaj\u0105cej na opracowaniu innowacyjnej technologii produkcjinowego wyrobu dla KarbonTech Sp\u00f3\u0142ka z o.o.\u201d w ramach \u201epoddzia\u0142anie 2.3.2 Bony na innowacje dlaM\u015aP\u201d.Celem g\u0142\u00f3wnym projektu jest opracowanie, wdro\u017cenie do produkcji i sprzeda\u017cy nowegoproduktu, w oparciu o now\u0105 technologie produkcji. Projekt polega\u0107 [&hellip;]<\/p>\n","protected":false},"author":1,"featured_media":0,"parent":0,"menu_order":0,"comment_status":"closed","ping_status":"closed","template":"","meta":[],"_links":{"self":[{"href":"https:\/\/karbontech.pl\/index.php?rest_route=\/wp\/v2\/pages\/406"}],"collection":[{"href":"https:\/\/karbontech.pl\/index.php?rest_route=\/wp\/v2\/pages"}],"about":[{"href":"https:\/\/karbontech.pl\/index.php?rest_route=\/wp\/v2\/types\/page"}],"author":[{"embeddable":true,"href":"https:\/\/karbontech.pl\/index.php?rest_route=\/wp\/v2\/users\/1"}],"replies":[{"embeddable":true,"href":"https:\/\/karbontech.pl\/index.php?rest_route=%2Fwp%2Fv2%2Fcomments&post=406"}],"version-history":[{"count":4,"href":"https:\/\/karbontech.pl\/index.php?rest_route=\/wp\/v2\/pages\/406\/revisions"}],"predecessor-version":[{"id":431,"href":"https:\/\/karbontech.pl\/index.php?rest_route=\/wp\/v2\/pages\/406\/revisions\/431"}],"wp:attachment":[{"href":"https:\/\/karbontech.pl\/index.php?rest_route=%2Fwp%2Fv2%2Fmedia&parent=406"}],"curies":[{"name":"wp","href":"https:\/\/api.w.org\/{rel}","templated":true}]}}